{"id":475,"date":"2022-01-23T17:30:10","date_gmt":"2022-01-23T17:30:10","guid":{"rendered":"https:\/\/drpieper.stylegfx.de\/?page_id=475"},"modified":"2022-01-23T17:30:10","modified_gmt":"2022-01-23T17:30:10","slug":"datenschutzerklaerungen","status":"publish","type":"page","link":"https:\/\/www.erfolgsgeschichte.net\/en\/datenschutzerklaerungen\/","title":{"rendered":"Privacy policy"},"content":{"rendered":"<div class=\"s3-t s3-t0\">\n<h4><strong>General note and mandatory information<\/strong><\/h4>\n<h5><strong>Designation of the responsible body<\/strong><\/h5>\n<p>The controller responsible for data processing on this website is:<\/p>\n<p><span id=\"s3-t-ansprechpartner\">Contact person<\/span><br \/>\n<strong>Dr. Justinus Pieper, M.A.<\/strong><br \/>\n<span>Schumannstra\u00dfe 16<\/span><br \/>\n<span>10117 Berlin<\/span><\/p>\n<p>The controller decides alone or jointly with others on the purposes and means of processing personal data (e.g. names, contact details, etc.).<\/p>\n<h5><strong>SSL and TLS encryption<\/strong><\/h5>\n<p>For security reasons and to protect the transmission of confidential content that you send to us as the site operator, our website uses SSL or TLS encryption. This means that data that you transmit via this website cannot be read by third parties. You can recognize an encrypted connection by the \u201chttps:\/\/\u201d address line of your browser and the lock symbol in the browser line.<\/p>\n<\/div>\n<div class=\"s3-t s3-t2\">\n<h5><strong>Server log files<\/strong><\/h5>\n<p>The website provider automatically collects and stores information that your browser automatically transmits to us in server log files. These are<\/p>\n<ul>\n<li>Visited page on our domain<\/li>\n<li>Date and time of the server request<\/li>\n<li>Browser type and version<\/li>\n<li>Operating system used<\/li>\n<li>Referrer URL<\/li>\n<li>Host name of the accessing computer<\/li>\n<li>IP address<\/li>\n<\/ul>\n<p>This data is not merged with other data sources. The basis for data processing is Art. 6 para. 1 lit. b GDPR, which permits the processing of data for the fulfillment of a contract or pre-contractual measures.<\/p>\n<\/div>\n<div class=\"s3-t s3-t5\">\n<h5><strong>Contact form<\/strong><\/h5>\n<p>Data transmitted via the contact form, including your contact details, will be stored in order to process your request or to be available for follow-up questions. This data will not be passed on without your consent.<\/p>\n<p>The data entered in the contact form is processed exclusively on the basis of your consent (Art. 6 para. 1 lit. a GDPR). You can withdraw your consent at any time. An informal notification by e-mail is sufficient for revocation. The legality of the data processing operations carried out until the revocation remains unaffected by the revocation.<\/p>\n<p>Data transmitted via the contact form will remain with us until you ask us to delete it, revoke your consent to storage or there is no longer any need to store the data. Mandatory statutory provisions - in particular retention periods - remain unaffected.<\/p>\n<\/div>\n<div class=\"s3-t s3-t10\">\n<h5><strong>YouTube<\/strong><\/h5>\n<p>Our website uses plugins from YouTube to integrate and display video content. The provider of the video portal is YouTube, LLC, 901 Cherry Ave, San Bruno, CA 94066, USA.<\/p>\n<p>When a page with an integrated YouTube plugin is accessed, a connection to the YouTube servers is established. This tells YouTube which of our pages you have visited.<\/p>\n<p>YouTube can assign your surfing behavior directly to your personal profile if you are logged into your YouTube account. You can prevent this by logging out beforehand.<\/p>\n<p>The use of YouTube is in the interest of an appealing presentation of our online offers. This constitutes a legitimate interest within the meaning of Art. 6 para. 1 lit. f GDPR.<\/p>\n<p>Details on the handling of user data can be found in YouTube's privacy policy at:<span>\u00a0<\/span><a href=\"https:\/\/www.google.de\/intl\/de\/policies\/privacy\">https:\/\/www.google.de\/intl\/de\/policies\/privacy<\/a>.<\/p>\n<\/div>\n<div class=\"s3-t s3-t12\">\n<h5><strong>Cookies<\/strong><\/h5>\n<p>Our website uses cookies. These are small text files that your web browser stores on your end device. Cookies help us to make our website more user-friendly, effective and secure.<\/p>\n<p>Some cookies are \u201csession cookies\u201d. Such cookies are deleted automatically at the end of your browser session. Other cookies, on the other hand, remain on your device until you delete them yourself. Such cookies help us to recognize you when you return to our website.<\/p>\n<p>With a modern web browser, you can monitor, restrict or prevent the setting of cookies. Many web browsers can be configured so that cookies are deleted automatically when the program is closed. Deactivating cookies may result in limited functionality of our website.<\/p>\n<p>The setting of cookies, which are necessary for the performance of electronic communication processes or the provision of certain functions desired by you (e.g. shopping cart), takes place on the basis of Art. 6 para. 1 lit. f GDPR. As the operator of this website, we have a legitimate interest in the storage of cookies for the technically error-free and smooth provision of our services. If other cookies are set (e.g. for analysis functions), these are treated separately in this privacy policy.<\/p>\n<\/div>\n<div class=\"s3-t s3-t13\">\n<h5><strong>Google Analytics<\/strong><\/h5>\n<p>Our website uses functions of the web analysis service Google Analytics. The provider of the web analysis service is Google Inc, 1600 Amphitheatre Parkway, Mountain View, CA 94043, USA.<\/p>\n<p>Google Analytics uses \u201ccookies.\u201d These are small text files that your web browser stores on your end device and enable website usage to be analyzed. Information generated by cookies about your use of our website is transmitted to a Google server and stored there. The server location is usually the USA.<\/p>\n<p>Google Analytics cookies are set on the basis of Art. 6 para. 1 lit. f GDPR. As the operator of this website, we have a legitimate interest in analyzing user behavior in order to optimize our website and, if necessary, advertising.<\/p>\n<p><strong><em>IP anonymization<\/em><\/strong><\/p>\n<p>We use Google Analytics in conjunction with the IP anonymization function. This ensures that Google truncates your IP address within member states of the European Union or in other signatory states to the Agreement on the European Economic Area before transmitting it to the USA. There may be exceptional cases in which Google transmits the full IP address to a server in the USA and truncates it there. Google will use this information on our behalf for the purpose of evaluating your use of the website, compiling reports on website activity and providing us with other services relating to website activity and internet usage. The IP address transmitted by Google Analytics will not be merged with other Google data.<\/p>\n<p><strong><em>Browser plugin<\/em><\/strong><\/p>\n<p>The setting of cookies by your web browser can be prevented. However, some functions of our website may be restricted as a result. You can also prevent the collection of data relating to your website use, including your IP address and subsequent processing by Google. You can do this by downloading and installing the browser plug-in available via the following link:<span>\u00a0<\/span><a href=\"https:\/\/tools.google.com\/dlpage\/gaoptout?hl=de\">https:\/\/tools.google.com\/dlpage\/gaoptout?hl=de<\/a>.<\/p>\n<p><strong><em>Objection to the collection of data<\/em><\/strong><\/p>\n<p>You can prevent the collection of your data by Google Analytics by clicking on the following link. An opt-out cookie will be set to prevent your data from being collected on future visits to our website: Deactivate Google Analytics.<\/p>\n<p>Details on how Google Analytics handles user data can be found in Google's privacy policy:<span>\u00a0<\/span><a href=\"https:\/\/support.google.com\/analytics\/answer\/6004245?hl=de\">https:\/\/support.google.com\/analytics\/answer\/6004245?hl=de<\/a>.<\/p>\n<p><strong><em>Order processing<\/em><\/strong><\/p>\n<p>We have concluded an order processing contract with Google in order to fully comply with the statutory data protection requirements.<\/p>\n<p>Demographic characteristics with Google Analytics<\/p>\n<p>Our website uses the \u201cdemographic characteristics\u201d function of Google Analytics. It can be used to create reports that contain statements about the age, gender and interests of site visitors. This data comes from interest-based advertising from Google and visitor data from third-party providers. It is not possible to assign the data to a specific person. You can deactivate this function at any time. This is possible via the ad settings in your Google account or by generally prohibiting the collection of your data by Google Analytics, as explained in the section \u201cObjection to data collection\u201d.<\/p>\n<\/div>\n<div class=\"s3-t s3-t24\">\n<h5><strong>Google Web Fonts<\/strong><\/h5>\n<p>Our website uses web fonts from Google. The provider is Google Inc, 1600 Amphitheatre Parkway, Mountain View, CA 94043, USA.<\/p>\n<p>By using these web fonts, it is possible to present you with the presentation of our website that we desire, regardless of which fonts are available to you locally. This is done by retrieving the Google Web Fonts from a Google server in the USA and the associated transfer of your data to Google. This involves your IP address and which of our pages you have visited. The use of Google Web Fonts is based on Art. 6 para. 1 lit. f GDPR. As the operator of this website, we have a legitimate interest in the optimal presentation and transmission of our website.<\/p>\n<p>Google is certified for the US-European data protection agreement \u201cPrivacy Shield\u201d. This data protection agreement is intended to ensure compliance with the level of data protection applicable in the EU.<\/p>\n<p>Details about Google Web Fonts can be found at:<span>\u00a0<\/span><a href=\"https:\/\/www.google.com\/fonts#AboutPlace:about\">https:\/\/www.google.com\/fonts#AboutPlace:about<\/a><span>\u00a0<\/span>and further information in Google's privacy policy:<span>\u00a0<\/span><a href=\"https:\/\/policies.google.com\/privacy\/partners?hl=de\">https:\/\/policies.google.com\/privacy\/partners?hl=de<\/a><\/p>\n<\/div>\n<div class=\"s3-t s3-t0\">\n<p><em><small>Source: Data protection configurator from\u00a0<a href=\"http:\/\/www.mein-datenschutzbeauftragter.de\/\" target=\"_blank\" rel=\"noopener\">mein-datenschutzbeauftragter.de<\/a><\/small><\/em><\/p>\n<\/div>","protected":false},"excerpt":{"rendered":"<p>Allgemeiner Hinweis und Pflichtinformationen Benennung der verantwortlichen Stelle Die verantwortliche Stelle f\u00fcr die Datenverarbeitung auf dieser Website ist: Ansprechpartner Dr. Justinus Pieper, M.A. Schumannstra\u00dfe 16 10117 Berlin Die verantwortliche Stelle entscheidet allein oder gemeinsam mit anderen \u00fcber die Zwecke und Mittel der Verarbeitung von personenbezogenen Daten (z.B. Namen, Kontaktdaten o. [&hellip;]<\/p>","protected":false},"author":6,"featured_media":0,"parent":0,"menu_order":0,"comment_status":"closed","ping_status":"closed","template":"","meta":{"footnotes":""},"class_list":["post-475","page","type-page","status-publish","hentry"],"_links":{"self":[{"href":"https:\/\/www.erfolgsgeschichte.net\/en\/wp-json\/wp\/v2\/pages\/475","targetHints":{"allow":["GET"]}}],"collection":[{"href":"https:\/\/www.erfolgsgeschichte.net\/en\/wp-json\/wp\/v2\/pages"}],"about":[{"href":"https:\/\/www.erfolgsgeschichte.net\/en\/wp-json\/wp\/v2\/types\/page"}],"author":[{"embeddable":true,"href":"https:\/\/www.erfolgsgeschichte.net\/en\/wp-json\/wp\/v2\/users\/6"}],"replies":[{"embeddable":true,"href":"https:\/\/www.erfolgsgeschichte.net\/en\/wp-json\/wp\/v2\/comments?post=475"}],"version-history":[{"count":0,"href":"https:\/\/www.erfolgsgeschichte.net\/en\/wp-json\/wp\/v2\/pages\/475\/revisions"}],"wp:attachment":[{"href":"https:\/\/www.erfolgsgeschichte.net\/en\/wp-json\/wp\/v2\/media?parent=475"}],"curies":[{"name":"wp","href":"https:\/\/api.w.org\/{rel}","templated":true}]}}